{"id":241,"date":"2022-09-27T22:55:55","date_gmt":"2022-09-27T20:55:55","guid":{"rendered":"https:\/\/lamaisondepascalou.fr\/?page_id=241"},"modified":"2024-02-13T21:21:32","modified_gmt":"2024-02-13T20:21:32","slug":"contact","status":"publish","type":"page","link":"https:\/\/lamaisondepascalou.fr\/index.php\/contact\/","title":{"rendered":"Contact"},"content":{"rendered":"\t\t<div data-elementor-type=\"wp-page\" data-elementor-id=\"241\" class=\"elementor elementor-241\">\n\t\t\t\t\t\t<section class=\"elementor-section elementor-top-section elementor-element elementor-element-82ffd75 elementor-section-boxed elementor-section-height-default elementor-section-height-default\" data-id=\"82ffd75\" data-element_type=\"section\" data-e-type=\"section\">\n\t\t\t\t\t\t<div class=\"elementor-container elementor-column-gap-default\">\n\t\t\t\t\t<div class=\"elementor-column elementor-col-50 elementor-top-column elementor-element elementor-element-71dff64\" data-id=\"71dff64\" data-element_type=\"column\" data-e-type=\"column\">\n\t\t\t<div class=\"elementor-widget-wrap elementor-element-populated\">\n\t\t\t\t\t\t<div class=\"elementor-element elementor-element-0931ecf elementor-headline--style-highlight elementor-widget elementor-widget-animated-headline\" data-id=\"0931ecf\" data-element_type=\"widget\" data-e-type=\"widget\" data-settings=\"{&quot;highlighted_text&quot;:&quot;nous&quot;,&quot;headline_style&quot;:&quot;highlight&quot;,&quot;marker&quot;:&quot;circle&quot;,&quot;loop&quot;:&quot;yes&quot;,&quot;highlight_animation_duration&quot;:1200,&quot;highlight_iteration_delay&quot;:8000}\" data-widget_type=\"animated-headline.default\">\n\t\t\t\t<div class=\"elementor-widget-container\">\n\t\t\t\t\t\t\t<h3 class=\"elementor-headline\">\n\t\t\t\t\t<span class=\"elementor-headline-plain-text elementor-headline-text-wrapper\">Qui sommes<\/span>\n\t\t\t\t<span class=\"elementor-headline-dynamic-wrapper elementor-headline-text-wrapper\">\n\t\t\t\t\t<span class=\"elementor-headline-dynamic-text elementor-headline-text-active\">nous<\/span>\n\t\t\t\t<\/span>\n\t\t\t\t\t<span class=\"elementor-headline-plain-text elementor-headline-text-wrapper\">?<\/span>\n\t\t\t\t\t<\/h3>\n\t\t\t\t\t\t<\/div>\n\t\t\t\t<\/div>\n\t\t\t\t<div class=\"elementor-element elementor-element-b50eaf6 elementor-widget elementor-widget-text-editor\" data-id=\"b50eaf6\" data-element_type=\"widget\" data-e-type=\"widget\" data-widget_type=\"text-editor.default\">\n\t\t\t\t<div class=\"elementor-widget-container\">\n\t\t\t\t\t\t\t\t\t<p>Nous sommes Cathy et Pascal, aide-soignante et menuisier de m\u00e9tier.\u00a0<\/p><p>Originaires respectivement du Jura et de Poitou-Charentes, nous habitons \u00e0 l&rsquo;Isle sur la Sorgue depuis plus de 30 ans.\u00a0<\/p><p>\u00a0<\/p><p>Nous avons investi dans l&rsquo;achat de cette maison agr\u00e9able dans l&rsquo;id\u00e9e de compl\u00e9ter nos retraites et d&rsquo;y habiter nous m\u00eame un jour.<\/p><p>\u00a0<\/p><p>Au plaisir de vous recevoir et de vous faire d\u00e9couvrir notre beau coin,<\/p><p>\u00a0<\/p><p>Cathy &amp; Pascal<\/p>\t\t\t\t\t\t\t\t<\/div>\n\t\t\t\t<\/div>\n\t\t\t\t<div class=\"elementor-element elementor-element-cc2866d elementor-widget elementor-widget-theme-site-logo elementor-widget-image\" data-id=\"cc2866d\" data-element_type=\"widget\" data-e-type=\"widget\" data-widget_type=\"theme-site-logo.default\">\n\t\t\t\t<div class=\"elementor-widget-container\">\n\t\t\t\t\t\t\t\t\t\t\t\t\t\t\t\t<a href=\"https:\/\/lamaisondepascalou.fr\">\n\t\t\t\t\t\t\t<img decoding=\"async\" width=\"159\" height=\"49\" src=\"https:\/\/lamaisondepascalou.fr\/wp-content\/uploads\/2022\/09\/cropped-logo-la-maison-de-Pascalou-location-saisonniere.png\" class=\"attachment-full size-full wp-image-65\" alt=\"logo la maison de Pascalou location saisonni\u00e8re\" \/>\t\t\t\t\t\t\t\t<\/a>\n\t\t\t\t\t\t\t\t\t\t\t\t\t\t\t<\/div>\n\t\t\t\t<\/div>\n\t\t\t\t\t<\/div>\n\t\t<\/div>\n\t\t\t\t<div class=\"elementor-column elementor-col-50 elementor-top-column elementor-element elementor-element-e80efa3\" data-id=\"e80efa3\" data-element_type=\"column\" data-e-type=\"column\">\n\t\t\t<div class=\"elementor-widget-wrap elementor-element-populated\">\n\t\t\t\t\t\t<div class=\"elementor-element elementor-element-84480a7 elementor-widget elementor-widget-image\" data-id=\"84480a7\" data-element_type=\"widget\" data-e-type=\"widget\" data-widget_type=\"image.default\">\n\t\t\t\t<div class=\"elementor-widget-container\">\n\t\t\t\t\t\t\t\t\t\t\t\t\t\t\t<img fetchpriority=\"high\" decoding=\"async\" width=\"300\" height=\"300\" src=\"https:\/\/lamaisondepascalou.fr\/wp-content\/uploads\/2022\/09\/Proprietaires-de-la-maison-de-Pacalou-300x300.jpg\" class=\"attachment-medium size-medium wp-image-105\" alt=\"Propri\u00e9taires de la maison de Pacalou\" srcset=\"https:\/\/lamaisondepascalou.fr\/wp-content\/uploads\/2022\/09\/Proprietaires-de-la-maison-de-Pacalou-300x300.jpg 300w, https:\/\/lamaisondepascalou.fr\/wp-content\/uploads\/2022\/09\/Proprietaires-de-la-maison-de-Pacalou-150x150.jpg 150w, https:\/\/lamaisondepascalou.fr\/wp-content\/uploads\/2022\/09\/elementor\/thumbs\/Proprietaires-de-la-maison-de-Pacalou-pv4pdgsoppqy6m2et8vhsval7rlbfuz6jbl8opou4w.jpg 199w, https:\/\/lamaisondepascalou.fr\/wp-content\/uploads\/2022\/09\/elementor\/thumbs\/Proprietaires-de-la-maison-de-Pacalou-pv4pdgsoyxalf1093ggwykoy12hpugxkjnwck2tpco.jpg 220w, https:\/\/lamaisondepascalou.fr\/wp-content\/uploads\/2022\/09\/elementor\/thumbs\/Proprietaires-de-la-maison-de-Pacalou-pv4pdgsp3b68kttmjck166ks4swvpn954ucv67vfcs.jpg 230w, https:\/\/lamaisondepascalou.fr\/wp-content\/uploads\/2022\/09\/elementor\/thumbs\/Proprietaires-de-la-maison-de-Pacalou-pv4pdgsp7p1vqmmzz8n5dsgm8jc1ktkpq0tdscx5cw.jpg 240w, https:\/\/lamaisondepascalou.fr\/wp-content\/uploads\/2022\/09\/elementor\/thumbs\/Proprietaires-de-la-maison-de-Pacalou-pv4pdgsoq5jb3fdi7oaojcx9tlne44afdazbbsq9cg.jpg 200w, https:\/\/lamaisondepascalou.fr\/wp-content\/uploads\/2022\/09\/Proprietaires-de-la-maison-de-Pacalou.jpg 640w\" sizes=\"(max-width: 300px) 100vw, 300px\" \/>\t\t\t\t\t\t\t\t\t\t\t\t\t\t\t<\/div>\n\t\t\t\t<\/div>\n\t\t\t\t\t<\/div>\n\t\t<\/div>\n\t\t\t\t\t<\/div>\n\t\t<\/section>\n\t\t\t\t<section class=\"elementor-section elementor-top-section elementor-element elementor-element-89ffd85 elementor-section-boxed elementor-section-height-default elementor-section-height-default\" data-id=\"89ffd85\" data-element_type=\"section\" data-e-type=\"section\">\n\t\t\t\t\t\t<div class=\"elementor-container elementor-column-gap-default\">\n\t\t\t\t\t<div class=\"elementor-column elementor-col-100 elementor-top-column elementor-element elementor-element-4680f8c\" data-id=\"4680f8c\" data-element_type=\"column\" data-e-type=\"column\">\n\t\t\t<div class=\"elementor-widget-wrap elementor-element-populated\">\n\t\t\t\t\t\t<div class=\"elementor-element elementor-element-7decc34 elementor-headline--style-rotate elementor-widget elementor-widget-animated-headline\" data-id=\"7decc34\" data-element_type=\"widget\" data-e-type=\"widget\" data-settings=\"{&quot;headline_style&quot;:&quot;rotate&quot;,&quot;rotating_text&quot;:&quot;contacter\\njoindre\\nrejoindre&quot;,&quot;animation_type&quot;:&quot;typing&quot;,&quot;loop&quot;:&quot;yes&quot;,&quot;rotate_iteration_delay&quot;:2500}\" data-widget_type=\"animated-headline.default\">\n\t\t\t\t<div class=\"elementor-widget-container\">\n\t\t\t\t\t\t\t<h3 class=\"elementor-headline elementor-headline-animation-type-typing elementor-headline-letters\">\n\t\t\t\t\t<span class=\"elementor-headline-plain-text elementor-headline-text-wrapper\">Comment nous<\/span>\n\t\t\t\t<span class=\"elementor-headline-dynamic-wrapper elementor-headline-text-wrapper\">\n\t\t\t\t\t<span class=\"elementor-headline-dynamic-text elementor-headline-text-active\">\n\t\t\t\tcontacter\t\t\t<\/span>\n\t\t\t\t\t<span class=\"elementor-headline-dynamic-text\">\n\t\t\t\tjoindre\t\t\t<\/span>\n\t\t\t\t\t<span class=\"elementor-headline-dynamic-text\">\n\t\t\t\trejoindre\t\t\t<\/span>\n\t\t\t\t\t\t<\/span>\n\t\t\t\t\t<span class=\"elementor-headline-plain-text elementor-headline-text-wrapper\">?<\/span>\n\t\t\t\t\t<\/h3>\n\t\t\t\t\t\t<\/div>\n\t\t\t\t<\/div>\n\t\t\t\t<section class=\"elementor-section elementor-inner-section elementor-element elementor-element-e65ee19 elementor-section-boxed elementor-section-height-default elementor-section-height-default\" data-id=\"e65ee19\" data-element_type=\"section\" data-e-type=\"section\">\n\t\t\t\t\t\t<div class=\"elementor-container elementor-column-gap-default\">\n\t\t\t\t\t<div class=\"elementor-column elementor-col-50 elementor-inner-column elementor-element elementor-element-2493ea6\" data-id=\"2493ea6\" data-element_type=\"column\" data-e-type=\"column\">\n\t\t\t<div class=\"elementor-widget-wrap elementor-element-populated\">\n\t\t\t\t\t\t<div class=\"elementor-element elementor-element-9f96511 elementor-view-default elementor-widget elementor-widget-icon\" data-id=\"9f96511\" data-element_type=\"widget\" data-e-type=\"widget\" data-widget_type=\"icon.default\">\n\t\t\t\t<div class=\"elementor-widget-container\">\n\t\t\t\t\t\t\t<div class=\"elementor-icon-wrapper\">\n\t\t\t<div class=\"elementor-icon\">\n\t\t\t<i aria-hidden=\"true\" class=\"fas fa-phone-alt\"><\/i>\t\t\t<\/div>\n\t\t<\/div>\n\t\t\t\t\t\t<\/div>\n\t\t\t\t<\/div>\n\t\t\t\t<div class=\"elementor-element elementor-element-27a08a5 elementor-widget elementor-widget-text-editor\" data-id=\"27a08a5\" data-element_type=\"widget\" data-e-type=\"widget\" data-widget_type=\"text-editor.default\">\n\t\t\t\t<div class=\"elementor-widget-container\">\n\t\t\t\t\t\t\t\t\t<p>06 78 67 14 76<\/p>\t\t\t\t\t\t\t\t<\/div>\n\t\t\t\t<\/div>\n\t\t\t\t\t<\/div>\n\t\t<\/div>\n\t\t\t\t<div class=\"elementor-column elementor-col-50 elementor-inner-column elementor-element elementor-element-bb64d0f\" data-id=\"bb64d0f\" data-element_type=\"column\" data-e-type=\"column\">\n\t\t\t<div class=\"elementor-widget-wrap elementor-element-populated\">\n\t\t\t\t\t\t<div class=\"elementor-element elementor-element-8f54ad4 elementor-view-default elementor-widget elementor-widget-icon\" data-id=\"8f54ad4\" data-element_type=\"widget\" data-e-type=\"widget\" data-widget_type=\"icon.default\">\n\t\t\t\t<div class=\"elementor-widget-container\">\n\t\t\t\t\t\t\t<div class=\"elementor-icon-wrapper\">\n\t\t\t<div class=\"elementor-icon\">\n\t\t\t<i aria-hidden=\"true\" class=\"fas fa-envelope\"><\/i>\t\t\t<\/div>\n\t\t<\/div>\n\t\t\t\t\t\t<\/div>\n\t\t\t\t<\/div>\n\t\t\t\t<div class=\"elementor-element elementor-element-809aa3f elementor-widget elementor-widget-text-editor\" data-id=\"809aa3f\" data-element_type=\"widget\" data-e-type=\"widget\" data-widget_type=\"text-editor.default\">\n\t\t\t\t<div class=\"elementor-widget-container\">\n\t\t\t\t\t\t\t\t\t<p><span style=\"color: #5f6368; font-family: Roboto, Helvetica, Arial, sans-serif; font-size: 14px; font-weight: 400; letter-spacing: 0.2px; white-space: nowrap;\">cathy.jagueneau@gmail.com<\/span><\/p>\t\t\t\t\t\t\t\t<\/div>\n\t\t\t\t<\/div>\n\t\t\t\t\t<\/div>\n\t\t<\/div>\n\t\t\t\t\t<\/div>\n\t\t<\/section>\n\t\t\t\t\t<\/div>\n\t\t<\/div>\n\t\t\t\t\t<\/div>\n\t\t<\/section>\n\t\t\t\t<\/div>\n\t\t","protected":false},"excerpt":{"rendered":"<p>Qui sommes nous ? Nous sommes Cathy et Pascal, aide-soignante et menuisier de m\u00e9tier.\u00a0 Originaires respectivement du Jura et de Poitou-Charentes, nous habitons \u00e0 l&rsquo;Isle [&hellip;]<\/p>\n","protected":false},"author":2,"featured_media":0,"parent":0,"menu_order":0,"comment_status":"closed","ping_status":"closed","template":"templates\/builder-fullwidth-std.php","meta":{"footnotes":""},"class_list":["post-241","page","type-page","status-publish","hentry"],"yoast_head":"<!-- This site is optimized with the Yoast SEO plugin v27.2 - https:\/\/yoast.com\/product\/yoast-seo-wordpress\/ -->\n<title>Contact - La maison de Pascalou<\/title>\n<meta name=\"robots\" content=\"index, follow, max-snippet:-1, max-image-preview:large, max-video-preview:-1\" \/>\n<link rel=\"canonical\" href=\"https:\/\/lamaisondepascalou.fr\/index.php\/contact\/\" \/>\n<meta property=\"og:locale\" content=\"fr_FR\" \/>\n<meta property=\"og:type\" content=\"article\" \/>\n<meta property=\"og:title\" content=\"Contact - La maison de Pascalou\" \/>\n<meta property=\"og:description\" content=\"Qui sommes nous ? Nous sommes Cathy et Pascal, aide-soignante et menuisier de m\u00e9tier.\u00a0 Originaires respectivement du Jura et de Poitou-Charentes, nous habitons \u00e0 l&rsquo;Isle [&hellip;]\" \/>\n<meta property=\"og:url\" content=\"https:\/\/lamaisondepascalou.fr\/index.php\/contact\/\" \/>\n<meta property=\"og:site_name\" content=\"La maison de Pascalou\" \/>\n<meta property=\"article:modified_time\" content=\"2024-02-13T20:21:32+00:00\" \/>\n<meta property=\"og:image\" content=\"https:\/\/lamaisondepascalou.fr\/wp-content\/uploads\/2022\/09\/Proprietaires-de-la-maison-de-Pacalou-300x300.jpg\" \/>\n<meta name=\"twitter:card\" content=\"summary_large_image\" \/>\n<meta name=\"twitter:label1\" content=\"Dur\u00e9e de lecture estim\u00e9e\" \/>\n\t<meta name=\"twitter:data1\" content=\"1 minute\" \/>\n<script type=\"application\/ld+json\" class=\"yoast-schema-graph\">{\"@context\":\"https:\/\/schema.org\",\"@graph\":[{\"@type\":\"WebPage\",\"@id\":\"https:\/\/lamaisondepascalou.fr\/index.php\/contact\/\",\"url\":\"https:\/\/lamaisondepascalou.fr\/index.php\/contact\/\",\"name\":\"Contact - La maison de Pascalou\",\"isPartOf\":{\"@id\":\"https:\/\/lamaisondepascalou.fr\/#website\"},\"primaryImageOfPage\":{\"@id\":\"https:\/\/lamaisondepascalou.fr\/index.php\/contact\/#primaryimage\"},\"image\":{\"@id\":\"https:\/\/lamaisondepascalou.fr\/index.php\/contact\/#primaryimage\"},\"thumbnailUrl\":\"https:\/\/lamaisondepascalou.fr\/wp-content\/uploads\/2022\/09\/Proprietaires-de-la-maison-de-Pacalou-300x300.jpg\",\"datePublished\":\"2022-09-27T20:55:55+00:00\",\"dateModified\":\"2024-02-13T20:21:32+00:00\",\"breadcrumb\":{\"@id\":\"https:\/\/lamaisondepascalou.fr\/index.php\/contact\/#breadcrumb\"},\"inLanguage\":\"fr-FR\",\"potentialAction\":[{\"@type\":\"ReadAction\",\"target\":[\"https:\/\/lamaisondepascalou.fr\/index.php\/contact\/\"]}]},{\"@type\":\"ImageObject\",\"inLanguage\":\"fr-FR\",\"@id\":\"https:\/\/lamaisondepascalou.fr\/index.php\/contact\/#primaryimage\",\"url\":\"https:\/\/lamaisondepascalou.fr\/wp-content\/uploads\/2022\/09\/Proprietaires-de-la-maison-de-Pacalou.jpg\",\"contentUrl\":\"https:\/\/lamaisondepascalou.fr\/wp-content\/uploads\/2022\/09\/Proprietaires-de-la-maison-de-Pacalou.jpg\",\"width\":640,\"height\":640,\"caption\":\"Propri\u00e9taires de la maison de Pacalou\"},{\"@type\":\"BreadcrumbList\",\"@id\":\"https:\/\/lamaisondepascalou.fr\/index.php\/contact\/#breadcrumb\",\"itemListElement\":[{\"@type\":\"ListItem\",\"position\":1,\"name\":\"Accueil\",\"item\":\"https:\/\/lamaisondepascalou.fr\/\"},{\"@type\":\"ListItem\",\"position\":2,\"name\":\"Contact\"}]},{\"@type\":\"WebSite\",\"@id\":\"https:\/\/lamaisondepascalou.fr\/#website\",\"url\":\"https:\/\/lamaisondepascalou.fr\/\",\"name\":\"La maison de Pascalou\",\"description\":\"Location de vacances sur l\u2019Isle la Sorgue\",\"publisher\":{\"@id\":\"https:\/\/lamaisondepascalou.fr\/#organization\"},\"potentialAction\":[{\"@type\":\"SearchAction\",\"target\":{\"@type\":\"EntryPoint\",\"urlTemplate\":\"https:\/\/lamaisondepascalou.fr\/?s={search_term_string}\"},\"query-input\":{\"@type\":\"PropertyValueSpecification\",\"valueRequired\":true,\"valueName\":\"search_term_string\"}}],\"inLanguage\":\"fr-FR\"},{\"@type\":\"Organization\",\"@id\":\"https:\/\/lamaisondepascalou.fr\/#organization\",\"name\":\"La maison de Pascalou\",\"url\":\"https:\/\/lamaisondepascalou.fr\/\",\"logo\":{\"@type\":\"ImageObject\",\"inLanguage\":\"fr-FR\",\"@id\":\"https:\/\/lamaisondepascalou.fr\/#\/schema\/logo\/image\/\",\"url\":\"https:\/\/lamaisondepascalou.fr\/wp-content\/uploads\/2022\/09\/cropped-logo-la-maison-de-Pascalou-location-saisonniere.png\",\"contentUrl\":\"https:\/\/lamaisondepascalou.fr\/wp-content\/uploads\/2022\/09\/cropped-logo-la-maison-de-Pascalou-location-saisonniere.png\",\"width\":159,\"height\":49,\"caption\":\"La maison de Pascalou\"},\"image\":{\"@id\":\"https:\/\/lamaisondepascalou.fr\/#\/schema\/logo\/image\/\"}}]}<\/script>\n<!-- \/ Yoast SEO plugin. -->","yoast_head_json":{"title":"Contact - La maison de Pascalou","robots":{"index":"index","follow":"follow","max-snippet":"max-snippet:-1","max-image-preview":"max-image-preview:large","max-video-preview":"max-video-preview:-1"},"canonical":"https:\/\/lamaisondepascalou.fr\/index.php\/contact\/","og_locale":"fr_FR","og_type":"article","og_title":"Contact - La maison de Pascalou","og_description":"Qui sommes nous ? Nous sommes Cathy et Pascal, aide-soignante et menuisier de m\u00e9tier.\u00a0 Originaires respectivement du Jura et de Poitou-Charentes, nous habitons \u00e0 l&rsquo;Isle [&hellip;]","og_url":"https:\/\/lamaisondepascalou.fr\/index.php\/contact\/","og_site_name":"La maison de Pascalou","article_modified_time":"2024-02-13T20:21:32+00:00","og_image":[{"url":"https:\/\/lamaisondepascalou.fr\/wp-content\/uploads\/2022\/09\/Proprietaires-de-la-maison-de-Pacalou-300x300.jpg","type":"","width":"","height":""}],"twitter_card":"summary_large_image","twitter_misc":{"Dur\u00e9e de lecture estim\u00e9e":"1 minute"},"schema":{"@context":"https:\/\/schema.org","@graph":[{"@type":"WebPage","@id":"https:\/\/lamaisondepascalou.fr\/index.php\/contact\/","url":"https:\/\/lamaisondepascalou.fr\/index.php\/contact\/","name":"Contact - La maison de Pascalou","isPartOf":{"@id":"https:\/\/lamaisondepascalou.fr\/#website"},"primaryImageOfPage":{"@id":"https:\/\/lamaisondepascalou.fr\/index.php\/contact\/#primaryimage"},"image":{"@id":"https:\/\/lamaisondepascalou.fr\/index.php\/contact\/#primaryimage"},"thumbnailUrl":"https:\/\/lamaisondepascalou.fr\/wp-content\/uploads\/2022\/09\/Proprietaires-de-la-maison-de-Pacalou-300x300.jpg","datePublished":"2022-09-27T20:55:55+00:00","dateModified":"2024-02-13T20:21:32+00:00","breadcrumb":{"@id":"https:\/\/lamaisondepascalou.fr\/index.php\/contact\/#breadcrumb"},"inLanguage":"fr-FR","potentialAction":[{"@type":"ReadAction","target":["https:\/\/lamaisondepascalou.fr\/index.php\/contact\/"]}]},{"@type":"ImageObject","inLanguage":"fr-FR","@id":"https:\/\/lamaisondepascalou.fr\/index.php\/contact\/#primaryimage","url":"https:\/\/lamaisondepascalou.fr\/wp-content\/uploads\/2022\/09\/Proprietaires-de-la-maison-de-Pacalou.jpg","contentUrl":"https:\/\/lamaisondepascalou.fr\/wp-content\/uploads\/2022\/09\/Proprietaires-de-la-maison-de-Pacalou.jpg","width":640,"height":640,"caption":"Propri\u00e9taires de la maison de Pacalou"},{"@type":"BreadcrumbList","@id":"https:\/\/lamaisondepascalou.fr\/index.php\/contact\/#breadcrumb","itemListElement":[{"@type":"ListItem","position":1,"name":"Accueil","item":"https:\/\/lamaisondepascalou.fr\/"},{"@type":"ListItem","position":2,"name":"Contact"}]},{"@type":"WebSite","@id":"https:\/\/lamaisondepascalou.fr\/#website","url":"https:\/\/lamaisondepascalou.fr\/","name":"La maison de Pascalou","description":"Location de vacances sur l\u2019Isle la Sorgue","publisher":{"@id":"https:\/\/lamaisondepascalou.fr\/#organization"},"potentialAction":[{"@type":"SearchAction","target":{"@type":"EntryPoint","urlTemplate":"https:\/\/lamaisondepascalou.fr\/?s={search_term_string}"},"query-input":{"@type":"PropertyValueSpecification","valueRequired":true,"valueName":"search_term_string"}}],"inLanguage":"fr-FR"},{"@type":"Organization","@id":"https:\/\/lamaisondepascalou.fr\/#organization","name":"La maison de Pascalou","url":"https:\/\/lamaisondepascalou.fr\/","logo":{"@type":"ImageObject","inLanguage":"fr-FR","@id":"https:\/\/lamaisondepascalou.fr\/#\/schema\/logo\/image\/","url":"https:\/\/lamaisondepascalou.fr\/wp-content\/uploads\/2022\/09\/cropped-logo-la-maison-de-Pascalou-location-saisonniere.png","contentUrl":"https:\/\/lamaisondepascalou.fr\/wp-content\/uploads\/2022\/09\/cropped-logo-la-maison-de-Pascalou-location-saisonniere.png","width":159,"height":49,"caption":"La maison de Pascalou"},"image":{"@id":"https:\/\/lamaisondepascalou.fr\/#\/schema\/logo\/image\/"}}]}},"_links":{"self":[{"href":"https:\/\/lamaisondepascalou.fr\/index.php\/wp-json\/wp\/v2\/pages\/241","targetHints":{"allow":["GET"]}}],"collection":[{"href":"https:\/\/lamaisondepascalou.fr\/index.php\/wp-json\/wp\/v2\/pages"}],"about":[{"href":"https:\/\/lamaisondepascalou.fr\/index.php\/wp-json\/wp\/v2\/types\/page"}],"author":[{"embeddable":true,"href":"https:\/\/lamaisondepascalou.fr\/index.php\/wp-json\/wp\/v2\/users\/2"}],"replies":[{"embeddable":true,"href":"https:\/\/lamaisondepascalou.fr\/index.php\/wp-json\/wp\/v2\/comments?post=241"}],"version-history":[{"count":46,"href":"https:\/\/lamaisondepascalou.fr\/index.php\/wp-json\/wp\/v2\/pages\/241\/revisions"}],"predecessor-version":[{"id":1680,"href":"https:\/\/lamaisondepascalou.fr\/index.php\/wp-json\/wp\/v2\/pages\/241\/revisions\/1680"}],"wp:attachment":[{"href":"https:\/\/lamaisondepascalou.fr\/index.php\/wp-json\/wp\/v2\/media?parent=241"}],"curies":[{"name":"wp","href":"https:\/\/api.w.org\/{rel}","templated":true}]}}