{"id":1825,"date":"2026-03-23T08:52:05","date_gmt":"2026-03-23T07:52:05","guid":{"rendered":"https:\/\/lamaisondepascalou.fr\/index.php\/confirmation-de-reservation\/echec-de-la-transaction\/"},"modified":"2026-04-15T13:22:49","modified_gmt":"2026-04-15T11:22:49","slug":"echec-de-la-transaction","status":"publish","type":"page","link":"https:\/\/lamaisondepascalou.fr\/index.php\/confirmation-de-reservation\/echec-de-la-transaction\/","title":{"rendered":"\u00c9chec de la transaction"},"content":{"rendered":"<p>Malheureusement, votre transaction ne peut \u00eatre compl\u00e9t\u00e9e pour le moment. Veuillez r\u00e9essayer ou nous contacter.<\/p>\n","protected":false},"excerpt":{"rendered":"<p>Malheureusement, votre transaction ne peut \u00eatre compl\u00e9t\u00e9e pour le moment. Veuillez r\u00e9essayer ou nous contacter.<\/p>\n","protected":false},"author":1,"featured_media":0,"parent":1821,"menu_order":0,"comment_status":"closed","ping_status":"closed","template":"","meta":{"footnotes":""},"class_list":["post-1825","page","type-page","status-publish","hentry"],"yoast_head":"<!-- This site is optimized with the Yoast SEO plugin v27.2 - https:\/\/yoast.com\/product\/yoast-seo-wordpress\/ -->\n<title>\u00c9chec de la transaction - La maison de Pascalou<\/title>\n<meta name=\"robots\" content=\"index, follow, max-snippet:-1, max-image-preview:large, max-video-preview:-1\" \/>\n<link rel=\"canonical\" href=\"https:\/\/lamaisondepascalou.fr\/index.php\/confirmation-de-reservation\/echec-de-la-transaction\/\" \/>\n<meta property=\"og:locale\" content=\"fr_FR\" \/>\n<meta property=\"og:type\" content=\"article\" \/>\n<meta property=\"og:title\" content=\"\u00c9chec de la transaction - La maison de Pascalou\" \/>\n<meta property=\"og:description\" content=\"Malheureusement, votre transaction ne peut \u00eatre compl\u00e9t\u00e9e pour le moment. Veuillez r\u00e9essayer ou nous contacter.\" \/>\n<meta property=\"og:url\" content=\"https:\/\/lamaisondepascalou.fr\/index.php\/confirmation-de-reservation\/echec-de-la-transaction\/\" \/>\n<meta property=\"og:site_name\" content=\"La maison de Pascalou\" \/>\n<meta property=\"article:modified_time\" content=\"2026-04-15T11:22:49+00:00\" \/>\n<meta name=\"twitter:card\" content=\"summary_large_image\" \/>\n<script type=\"application\/ld+json\" class=\"yoast-schema-graph\">{\"@context\":\"https:\/\/schema.org\",\"@graph\":[{\"@type\":\"WebPage\",\"@id\":\"https:\/\/lamaisondepascalou.fr\/index.php\/confirmation-de-reservation\/echec-de-la-transaction\/\",\"url\":\"https:\/\/lamaisondepascalou.fr\/index.php\/confirmation-de-reservation\/echec-de-la-transaction\/\",\"name\":\"\u00c9chec de la transaction - La maison de Pascalou\",\"isPartOf\":{\"@id\":\"https:\/\/lamaisondepascalou.fr\/#website\"},\"datePublished\":\"2026-03-23T07:52:05+00:00\",\"dateModified\":\"2026-04-15T11:22:49+00:00\",\"breadcrumb\":{\"@id\":\"https:\/\/lamaisondepascalou.fr\/index.php\/confirmation-de-reservation\/echec-de-la-transaction\/#breadcrumb\"},\"inLanguage\":\"fr-FR\",\"potentialAction\":[{\"@type\":\"ReadAction\",\"target\":[\"https:\/\/lamaisondepascalou.fr\/index.php\/confirmation-de-reservation\/echec-de-la-transaction\/\"]}]},{\"@type\":\"BreadcrumbList\",\"@id\":\"https:\/\/lamaisondepascalou.fr\/index.php\/confirmation-de-reservation\/echec-de-la-transaction\/#breadcrumb\",\"itemListElement\":[{\"@type\":\"ListItem\",\"position\":1,\"name\":\"Accueil\",\"item\":\"https:\/\/lamaisondepascalou.fr\/\"},{\"@type\":\"ListItem\",\"position\":2,\"name\":\"Confirmation de r\u00e9servation\",\"item\":\"https:\/\/lamaisondepascalou.fr\/index.php\/confirmation-de-reservation\/\"},{\"@type\":\"ListItem\",\"position\":3,\"name\":\"\u00c9chec de la transaction\"}]},{\"@type\":\"WebSite\",\"@id\":\"https:\/\/lamaisondepascalou.fr\/#website\",\"url\":\"https:\/\/lamaisondepascalou.fr\/\",\"name\":\"La maison de Pascalou\",\"description\":\"Location de vacances sur l\u2019Isle la Sorgue\",\"publisher\":{\"@id\":\"https:\/\/lamaisondepascalou.fr\/#organization\"},\"potentialAction\":[{\"@type\":\"SearchAction\",\"target\":{\"@type\":\"EntryPoint\",\"urlTemplate\":\"https:\/\/lamaisondepascalou.fr\/?s={search_term_string}\"},\"query-input\":{\"@type\":\"PropertyValueSpecification\",\"valueRequired\":true,\"valueName\":\"search_term_string\"}}],\"inLanguage\":\"fr-FR\"},{\"@type\":\"Organization\",\"@id\":\"https:\/\/lamaisondepascalou.fr\/#organization\",\"name\":\"La maison de Pascalou\",\"url\":\"https:\/\/lamaisondepascalou.fr\/\",\"logo\":{\"@type\":\"ImageObject\",\"inLanguage\":\"fr-FR\",\"@id\":\"https:\/\/lamaisondepascalou.fr\/#\/schema\/logo\/image\/\",\"url\":\"https:\/\/lamaisondepascalou.fr\/wp-content\/uploads\/2022\/09\/cropped-logo-la-maison-de-Pascalou-location-saisonniere.png\",\"contentUrl\":\"https:\/\/lamaisondepascalou.fr\/wp-content\/uploads\/2022\/09\/cropped-logo-la-maison-de-Pascalou-location-saisonniere.png\",\"width\":159,\"height\":49,\"caption\":\"La maison de Pascalou\"},\"image\":{\"@id\":\"https:\/\/lamaisondepascalou.fr\/#\/schema\/logo\/image\/\"}}]}<\/script>\n<!-- \/ Yoast SEO plugin. -->","yoast_head_json":{"title":"\u00c9chec de la transaction - La maison de Pascalou","robots":{"index":"index","follow":"follow","max-snippet":"max-snippet:-1","max-image-preview":"max-image-preview:large","max-video-preview":"max-video-preview:-1"},"canonical":"https:\/\/lamaisondepascalou.fr\/index.php\/confirmation-de-reservation\/echec-de-la-transaction\/","og_locale":"fr_FR","og_type":"article","og_title":"\u00c9chec de la transaction - La maison de Pascalou","og_description":"Malheureusement, votre transaction ne peut \u00eatre compl\u00e9t\u00e9e pour le moment. Veuillez r\u00e9essayer ou nous contacter.","og_url":"https:\/\/lamaisondepascalou.fr\/index.php\/confirmation-de-reservation\/echec-de-la-transaction\/","og_site_name":"La maison de Pascalou","article_modified_time":"2026-04-15T11:22:49+00:00","twitter_card":"summary_large_image","schema":{"@context":"https:\/\/schema.org","@graph":[{"@type":"WebPage","@id":"https:\/\/lamaisondepascalou.fr\/index.php\/confirmation-de-reservation\/echec-de-la-transaction\/","url":"https:\/\/lamaisondepascalou.fr\/index.php\/confirmation-de-reservation\/echec-de-la-transaction\/","name":"\u00c9chec de la transaction - La maison de Pascalou","isPartOf":{"@id":"https:\/\/lamaisondepascalou.fr\/#website"},"datePublished":"2026-03-23T07:52:05+00:00","dateModified":"2026-04-15T11:22:49+00:00","breadcrumb":{"@id":"https:\/\/lamaisondepascalou.fr\/index.php\/confirmation-de-reservation\/echec-de-la-transaction\/#breadcrumb"},"inLanguage":"fr-FR","potentialAction":[{"@type":"ReadAction","target":["https:\/\/lamaisondepascalou.fr\/index.php\/confirmation-de-reservation\/echec-de-la-transaction\/"]}]},{"@type":"BreadcrumbList","@id":"https:\/\/lamaisondepascalou.fr\/index.php\/confirmation-de-reservation\/echec-de-la-transaction\/#breadcrumb","itemListElement":[{"@type":"ListItem","position":1,"name":"Accueil","item":"https:\/\/lamaisondepascalou.fr\/"},{"@type":"ListItem","position":2,"name":"Confirmation de r\u00e9servation","item":"https:\/\/lamaisondepascalou.fr\/index.php\/confirmation-de-reservation\/"},{"@type":"ListItem","position":3,"name":"\u00c9chec de la transaction"}]},{"@type":"WebSite","@id":"https:\/\/lamaisondepascalou.fr\/#website","url":"https:\/\/lamaisondepascalou.fr\/","name":"La maison de Pascalou","description":"Location de vacances sur l\u2019Isle la Sorgue","publisher":{"@id":"https:\/\/lamaisondepascalou.fr\/#organization"},"potentialAction":[{"@type":"SearchAction","target":{"@type":"EntryPoint","urlTemplate":"https:\/\/lamaisondepascalou.fr\/?s={search_term_string}"},"query-input":{"@type":"PropertyValueSpecification","valueRequired":true,"valueName":"search_term_string"}}],"inLanguage":"fr-FR"},{"@type":"Organization","@id":"https:\/\/lamaisondepascalou.fr\/#organization","name":"La maison de Pascalou","url":"https:\/\/lamaisondepascalou.fr\/","logo":{"@type":"ImageObject","inLanguage":"fr-FR","@id":"https:\/\/lamaisondepascalou.fr\/#\/schema\/logo\/image\/","url":"https:\/\/lamaisondepascalou.fr\/wp-content\/uploads\/2022\/09\/cropped-logo-la-maison-de-Pascalou-location-saisonniere.png","contentUrl":"https:\/\/lamaisondepascalou.fr\/wp-content\/uploads\/2022\/09\/cropped-logo-la-maison-de-Pascalou-location-saisonniere.png","width":159,"height":49,"caption":"La maison de Pascalou"},"image":{"@id":"https:\/\/lamaisondepascalou.fr\/#\/schema\/logo\/image\/"}}]}},"_links":{"self":[{"href":"https:\/\/lamaisondepascalou.fr\/index.php\/wp-json\/wp\/v2\/pages\/1825","targetHints":{"allow":["GET"]}}],"collection":[{"href":"https:\/\/lamaisondepascalou.fr\/index.php\/wp-json\/wp\/v2\/pages"}],"about":[{"href":"https:\/\/lamaisondepascalou.fr\/index.php\/wp-json\/wp\/v2\/types\/page"}],"author":[{"embeddable":true,"href":"https:\/\/lamaisondepascalou.fr\/index.php\/wp-json\/wp\/v2\/users\/1"}],"replies":[{"embeddable":true,"href":"https:\/\/lamaisondepascalou.fr\/index.php\/wp-json\/wp\/v2\/comments?post=1825"}],"version-history":[{"count":1,"href":"https:\/\/lamaisondepascalou.fr\/index.php\/wp-json\/wp\/v2\/pages\/1825\/revisions"}],"predecessor-version":[{"id":1987,"href":"https:\/\/lamaisondepascalou.fr\/index.php\/wp-json\/wp\/v2\/pages\/1825\/revisions\/1987"}],"up":[{"embeddable":true,"href":"https:\/\/lamaisondepascalou.fr\/index.php\/wp-json\/wp\/v2\/pages\/1821"}],"wp:attachment":[{"href":"https:\/\/lamaisondepascalou.fr\/index.php\/wp-json\/wp\/v2\/media?parent=1825"}],"curies":[{"name":"wp","href":"https:\/\/api.w.org\/{rel}","templated":true}]}}